{"id":7145,"date":"2021-06-10T08:00:57","date_gmt":"2021-06-10T08:00:57","guid":{"rendered":"https:\/\/mokorroko.com\/entorno\/"},"modified":"2021-06-10T08:00:57","modified_gmt":"2021-06-10T08:00:57","slug":"entorno","status":"publish","type":"page","link":"https:\/\/mokorroko.com\/eu\/entorno\/","title":{"rendered":"Qu\u00e9 hacer. Actividades, rutas, visitas, etc."},"content":{"rendered":"\n<h2 class=\"gb-headline gb-headline-c486c5f2 gb-headline-text\">Ubicaci\u00f3n <\/h2>\n\n\n\n<p>El valle de Imoz donde nos encontramos es un lugar poco explotado &#8220;turisticamente&#8221;, se trata de un lugar cercano a Pamplona y que no aparece en las gu\u00edas. El valle est\u00e1 compuesto por siete pueblos; Eraso, Goldaratz, Latasa, Muskitz, Oskotz, Urritza, Zarrantz y Etxaleku que es capital del Valle y donde se ubica el Ayuntamiento. Si quieres conocer algo m\u00e1s sobre el valle esta es su <a href=\"http:\/\/www.imotz.eus\/es\" target=\"_blank\" rel=\"noreferrer noopener\"><strong>p\u00e1gina web<\/strong><\/a>. <\/p>\n\n\n\n<p>Etxaleku est\u00e1 a 30 minutos en coche de Pamplona y a 45 minutos de San Sebasti\u00e1n. Nos encontramos al Suroeste del valle de Ulzama, Basaburua se sit\u00faa entre ambos valles y en Jauntsaras se encuentran dos impresionantes ejemplares de Robles Monumentales que merecen la pena ser visitados, est\u00e1n a escasos 5 minutos de Etxaleku.  <\/p>\n\n\n<div class=\"wp-block-image\">\n<figure class=\"aligncenter size-large is-resized\"><img loading=\"lazy\" decoding=\"async\" width=\"1024\" height=\"682\" src=\"https:\/\/mokorroko.com\/web\/wp-content\/uploads\/2021\/11\/roble_jauntsaras-opt-1024x682.jpg\" alt=\"\" class=\"wp-image-4719\" style=\"width:1024px;height:682px\" srcset=\"https:\/\/mokorroko.com\/web\/wp-content\/uploads\/2021\/11\/roble_jauntsaras-opt-1024x682.jpg 1024w, https:\/\/mokorroko.com\/web\/wp-content\/uploads\/2021\/11\/roble_jauntsaras-opt-300x200.jpg 300w, https:\/\/mokorroko.com\/web\/wp-content\/uploads\/2021\/11\/roble_jauntsaras-opt-768x511.jpg 768w, https:\/\/mokorroko.com\/web\/wp-content\/uploads\/2021\/11\/roble_jauntsaras-opt-1536x1023.jpg 1536w, https:\/\/mokorroko.com\/web\/wp-content\/uploads\/2021\/11\/roble_jauntsaras-opt.jpg 1601w\" sizes=\"auto, (max-width: 1024px) 100vw, 1024px\" \/><figcaption class=\"wp-element-caption\">Uno de los Robles monumentales de Jauntsaras. Imagen cedida por <a href=\"https:\/\/www.alfonsoferrer.org\/\">Alfonso Ferrer<\/a><\/figcaption><\/figure>\n<\/div>\n\n\n<h2 class=\"gb-headline gb-headline-7ddd57c8 gb-headline-text\">Rutas<\/h2>\n\n\n\n<div class=\"wp-block-media-text alignwide is-stacked-on-mobile\" style=\"grid-template-columns:30% auto\"><figure class=\"wp-block-media-text__media\"><img loading=\"lazy\" decoding=\"async\" width=\"600\" height=\"401\" src=\"https:\/\/mokorroko.com\/web\/wp-content\/uploads\/2022\/01\/nordic-walking.jpg\" alt=\"\" class=\"wp-image-5075 size-full\" srcset=\"https:\/\/mokorroko.com\/web\/wp-content\/uploads\/2022\/01\/nordic-walking.jpg 600w, https:\/\/mokorroko.com\/web\/wp-content\/uploads\/2022\/01\/nordic-walking-300x201.jpg 300w\" sizes=\"auto, (max-width: 600px) 100vw, 600px\" \/><\/figure><div class=\"wp-block-media-text__content\">\n<p>Recientemente, Imoz ha entrado a formar parte de la red de centros Nordic Walking, con varias rutas a pie se\u00f1alizadas en la zona para la pr\u00e1ctica de la marcha n\u00f3rdica. Si quieres descargar los mapas y conocer m\u00e1s a fondo estas rutas solo tienes que visitar la p\u00e1gina de la <a rel=\"noreferrer noopener\" href=\"https:\/\/www.centrosnordicwalking.com\/cnw\/cnwimotz\" target=\"_blank\"><strong>Red de Centros Nordic Walking<\/strong><\/a>.<\/p>\n<\/div><\/div>\n\n\n\n<div class=\"wp-block-columns is-layout-flex wp-container-core-columns-is-layout-9d6595d7 wp-block-columns-is-layout-flex\">\n<div class=\"wp-block-column is-vertically-aligned-top is-layout-flow wp-block-column-is-layout-flow\" style=\"flex-basis:100%\">\n<p class=\"has-text-align-left\"><\/p>\n<\/div>\n<\/div>\n\n\n\n<p>Si quieres un paseo corto y sin dificultad, puedes recorrer el sendero de los Robles Monumentales, son dos kil\u00f3metros sin desnivel que une los dos ejemplares. <\/p>\n\n\n\n<p> <strong>V\u00eda verde del Plazaola<\/strong>. Esta v\u00eda hace el mismo recorrido que el antiguo tren que un\u00eda Pamplona con San Sebastian, tren minero reconvertido en 1914 en tren de pasajeros. El punto principal de esta v\u00eda y de todas las actividades que la rodean est\u00e1 en Lekunberri, y es el consorcio del Plazaola quien la gestiona de forma activa. La v\u00eda verde atraviesa Latasa, a 8 kil\u00f3metros de Etxaleku, junto al front\u00f3n cubierto encontrar\u00e1s el <a rel=\"noreferrer noopener\" href=\"http:\/\/biltegia.eus\/\" target=\"_blank\"><strong>Biltegi<\/strong><\/a>, antigua estaci\u00f3n de tren recientemente reformada y convertida en un restaurante con una peque\u00f1a tienda de productos ecol\u00f3gicos donde tambi\u00e9n podr\u00e1s <strong>alquilar una bicicleta<\/strong> o arreglar la tuya, ya que disponen de taller.  <\/p>\n\n\n\n<p>Si quieres conocer toda la oferta de rutas y actividades te invitamos a que visites su p\u00e1gina <a rel=\"noreferrer noopener\" href=\"https:\/\/www.plazaola.org\/\" target=\"_blank\"><strong>Plazaola.org<\/strong><\/a><\/p>\n\n\n\n<h4 class=\"gb-headline gb-headline-eeb0f04f gb-headline-text\"><strong>A caballo<\/strong><\/h4>\n\n\n\n<div class=\"wp-block-media-text alignwide has-media-on-the-right is-stacked-on-mobile is-vertically-aligned-top\" style=\"grid-template-columns:auto 35%\"><div class=\"wp-block-media-text__content\">\n<p>Existen rutas para realizar a caballo. Tanto rutas circulares; con Etxaleku como punto de salida y llegada como rutas que llegan a Lekunberri o el Valle de Ulzama. Pueden ser de una o de varias jornadas. Si est\u00e1s interesado en visitarnos con tu caballo, disponemos de boxes y paddocks para tu animal.<\/p>\n\n\n\n<p>Si no conoces esta actividad pero quieres probar o tienes alguna duda ponte en contacto con nosotros y te ayudamos.<\/p>\n\n\n\n<p><\/p>\n<\/div><figure class=\"wp-block-media-text__media\"><img loading=\"lazy\" decoding=\"async\" width=\"600\" height=\"401\" src=\"https:\/\/mokorroko.com\/web\/wp-content\/uploads\/2022\/01\/ruta_caballos.jpg\" alt=\"\" class=\"wp-image-5080 size-full\" srcset=\"https:\/\/mokorroko.com\/web\/wp-content\/uploads\/2022\/01\/ruta_caballos.jpg 600w, https:\/\/mokorroko.com\/web\/wp-content\/uploads\/2022\/01\/ruta_caballos-300x201.jpg 300w\" sizes=\"auto, (max-width: 600px) 100vw, 600px\" \/><\/figure><\/div>\n","protected":false},"excerpt":{"rendered":"<p>Ubicaci\u00f3n El valle de Imoz donde nos encontramos es un lugar poco explotado &#8220;turisticamente&#8221;, se trata de un lugar cercano a Pamplona y que no aparece en las gu\u00edas. El valle est\u00e1 compuesto por siete pueblos; Eraso, Goldaratz, Latasa, Muskitz, Oskotz, Urritza, Zarrantz y Etxaleku que es capital del Valle y donde se ubica el &#8230; <a title=\"Qu\u00e9 hacer. Actividades, rutas, visitas, etc.\" class=\"read-more\" href=\"https:\/\/mokorroko.com\/eu\/entorno\/\" aria-label=\"Read more about Qu\u00e9 hacer. Actividades, rutas, visitas, etc.\">Read more<\/a><\/p>\n","protected":false},"author":1,"featured_media":0,"parent":0,"menu_order":0,"comment_status":"closed","ping_status":"open","template":"","meta":{"inline_featured_image":false,"footnotes":""},"class_list":["post-7145","page","type-page","status-publish"],"yoast_head":"<!-- This site is optimized with the Yoast SEO plugin v27.5 - https:\/\/yoast.com\/product\/yoast-seo-wordpress\/ -->\n<title>Qu\u00e9 hacer. Actividades, rutas, visitas, etc. - Mokorroko Borda<\/title>\n<meta name=\"robots\" content=\"index, follow, max-snippet:-1, max-image-preview:large, max-video-preview:-1\" \/>\n<link rel=\"canonical\" href=\"https:\/\/mokorroko.com\/eu\/entorno\/\" \/>\n<meta property=\"og:locale\" content=\"eu_ES\" \/>\n<meta property=\"og:type\" content=\"article\" \/>\n<meta property=\"og:title\" content=\"Qu\u00e9 hacer. Actividades, rutas, visitas, etc. - Mokorroko Borda\" \/>\n<meta property=\"og:description\" content=\"Ubicaci\u00f3n El valle de Imoz donde nos encontramos es un lugar poco explotado &#8220;turisticamente&#8221;, se trata de un lugar cercano a Pamplona y que no aparece en las gu\u00edas. El valle est\u00e1 compuesto por siete pueblos; Eraso, Goldaratz, Latasa, Muskitz, Oskotz, Urritza, Zarrantz y Etxaleku que es capital del Valle y donde se ubica el ... Read more\" \/>\n<meta property=\"og:url\" content=\"https:\/\/mokorroko.com\/eu\/entorno\/\" \/>\n<meta property=\"og:site_name\" content=\"Mokorroko Borda\" \/>\n<meta property=\"article:publisher\" content=\"https:\/\/www.instagram.com\/mokorrokoborda\" \/>\n<meta property=\"og:image\" content=\"https:\/\/mokorroko.com\/web\/wp-content\/uploads\/2021\/11\/roble_jauntsaras-opt.jpg\" \/>\n\t<meta property=\"og:image:width\" content=\"1601\" \/>\n\t<meta property=\"og:image:height\" content=\"1066\" \/>\n\t<meta property=\"og:image:type\" content=\"image\/jpeg\" \/>\n<meta name=\"twitter:card\" content=\"summary_large_image\" \/>\n<meta name=\"twitter:label1\" content=\"Est. reading time\" \/>\n\t<meta name=\"twitter:data1\" content=\"2 minutes\" \/>\n<script type=\"application\/ld+json\" class=\"yoast-schema-graph\">{\"@context\":\"https:\\\/\\\/schema.org\",\"@graph\":[{\"@type\":\"WebPage\",\"@id\":\"https:\\\/\\\/mokorroko.com\\\/eu\\\/entorno\\\/\",\"url\":\"https:\\\/\\\/mokorroko.com\\\/eu\\\/entorno\\\/\",\"name\":\"Qu\u00e9 hacer. Actividades, rutas, visitas, etc. - Mokorroko Borda\",\"isPartOf\":{\"@id\":\"https:\\\/\\\/mokorroko.com\\\/#website\"},\"primaryImageOfPage\":{\"@id\":\"https:\\\/\\\/mokorroko.com\\\/eu\\\/entorno\\\/#primaryimage\"},\"image\":{\"@id\":\"https:\\\/\\\/mokorroko.com\\\/eu\\\/entorno\\\/#primaryimage\"},\"thumbnailUrl\":\"https:\\\/\\\/mokorroko.com\\\/web\\\/wp-content\\\/uploads\\\/2021\\\/11\\\/roble_jauntsaras-opt-1024x682.jpg\",\"datePublished\":\"2021-06-10T08:00:57+00:00\",\"breadcrumb\":{\"@id\":\"https:\\\/\\\/mokorroko.com\\\/eu\\\/entorno\\\/#breadcrumb\"},\"inLanguage\":\"eu-ES\",\"potentialAction\":[{\"@type\":\"ReadAction\",\"target\":[\"https:\\\/\\\/mokorroko.com\\\/eu\\\/entorno\\\/\"]}]},{\"@type\":\"ImageObject\",\"inLanguage\":\"eu-ES\",\"@id\":\"https:\\\/\\\/mokorroko.com\\\/eu\\\/entorno\\\/#primaryimage\",\"url\":\"https:\\\/\\\/mokorroko.com\\\/web\\\/wp-content\\\/uploads\\\/2021\\\/11\\\/roble_jauntsaras-opt-1024x682.jpg\",\"contentUrl\":\"https:\\\/\\\/mokorroko.com\\\/web\\\/wp-content\\\/uploads\\\/2021\\\/11\\\/roble_jauntsaras-opt-1024x682.jpg\"},{\"@type\":\"BreadcrumbList\",\"@id\":\"https:\\\/\\\/mokorroko.com\\\/eu\\\/entorno\\\/#breadcrumb\",\"itemListElement\":[{\"@type\":\"ListItem\",\"position\":1,\"name\":\"Portada\",\"item\":\"https:\\\/\\\/mokorroko.com\\\/eu\\\/\"},{\"@type\":\"ListItem\",\"position\":2,\"name\":\"Qu\u00e9 hacer. Actividades, rutas, visitas, etc.\"}]},{\"@type\":\"WebSite\",\"@id\":\"https:\\\/\\\/mokorroko.com\\\/#website\",\"url\":\"https:\\\/\\\/mokorroko.com\\\/\",\"name\":\"Mokorroko Borda\",\"description\":\"Alojamiento Rural y Posada Ecuestre\",\"publisher\":{\"@id\":\"https:\\\/\\\/mokorroko.com\\\/#organization\"},\"potentialAction\":[{\"@type\":\"SearchAction\",\"target\":{\"@type\":\"EntryPoint\",\"urlTemplate\":\"https:\\\/\\\/mokorroko.com\\\/?s={search_term_string}\"},\"query-input\":{\"@type\":\"PropertyValueSpecification\",\"valueRequired\":true,\"valueName\":\"search_term_string\"}}],\"inLanguage\":\"eu-ES\"},{\"@type\":\"Organization\",\"@id\":\"https:\\\/\\\/mokorroko.com\\\/#organization\",\"name\":\"Mokorroko Borda\",\"url\":\"https:\\\/\\\/mokorroko.com\\\/\",\"logo\":{\"@type\":\"ImageObject\",\"inLanguage\":\"eu-ES\",\"@id\":\"https:\\\/\\\/mokorroko.com\\\/#\\\/schema\\\/logo\\\/image\\\/\",\"url\":\"https:\\\/\\\/mokorroko.com\\\/web\\\/wp-content\\\/uploads\\\/2020\\\/12\\\/logo7.png\",\"contentUrl\":\"https:\\\/\\\/mokorroko.com\\\/web\\\/wp-content\\\/uploads\\\/2020\\\/12\\\/logo7.png\",\"width\":304,\"height\":87,\"caption\":\"Mokorroko Borda\"},\"image\":{\"@id\":\"https:\\\/\\\/mokorroko.com\\\/#\\\/schema\\\/logo\\\/image\\\/\"},\"sameAs\":[\"https:\\\/\\\/www.instagram.com\\\/mokorrokoborda\"]}]}<\/script>\n<!-- \/ Yoast SEO plugin. -->","yoast_head_json":{"title":"Qu\u00e9 hacer. Actividades, rutas, visitas, etc. - Mokorroko Borda","robots":{"index":"index","follow":"follow","max-snippet":"max-snippet:-1","max-image-preview":"max-image-preview:large","max-video-preview":"max-video-preview:-1"},"canonical":"https:\/\/mokorroko.com\/eu\/entorno\/","og_locale":"eu_ES","og_type":"article","og_title":"Qu\u00e9 hacer. Actividades, rutas, visitas, etc. - Mokorroko Borda","og_description":"Ubicaci\u00f3n El valle de Imoz donde nos encontramos es un lugar poco explotado &#8220;turisticamente&#8221;, se trata de un lugar cercano a Pamplona y que no aparece en las gu\u00edas. El valle est\u00e1 compuesto por siete pueblos; Eraso, Goldaratz, Latasa, Muskitz, Oskotz, Urritza, Zarrantz y Etxaleku que es capital del Valle y donde se ubica el ... Read more","og_url":"https:\/\/mokorroko.com\/eu\/entorno\/","og_site_name":"Mokorroko Borda","article_publisher":"https:\/\/www.instagram.com\/mokorrokoborda","og_image":[{"width":1601,"height":1066,"url":"https:\/\/mokorroko.com\/web\/wp-content\/uploads\/2021\/11\/roble_jauntsaras-opt.jpg","type":"image\/jpeg"}],"twitter_card":"summary_large_image","twitter_misc":{"Est. reading time":"2 minutes"},"schema":{"@context":"https:\/\/schema.org","@graph":[{"@type":"WebPage","@id":"https:\/\/mokorroko.com\/eu\/entorno\/","url":"https:\/\/mokorroko.com\/eu\/entorno\/","name":"Qu\u00e9 hacer. Actividades, rutas, visitas, etc. - Mokorroko Borda","isPartOf":{"@id":"https:\/\/mokorroko.com\/#website"},"primaryImageOfPage":{"@id":"https:\/\/mokorroko.com\/eu\/entorno\/#primaryimage"},"image":{"@id":"https:\/\/mokorroko.com\/eu\/entorno\/#primaryimage"},"thumbnailUrl":"https:\/\/mokorroko.com\/web\/wp-content\/uploads\/2021\/11\/roble_jauntsaras-opt-1024x682.jpg","datePublished":"2021-06-10T08:00:57+00:00","breadcrumb":{"@id":"https:\/\/mokorroko.com\/eu\/entorno\/#breadcrumb"},"inLanguage":"eu-ES","potentialAction":[{"@type":"ReadAction","target":["https:\/\/mokorroko.com\/eu\/entorno\/"]}]},{"@type":"ImageObject","inLanguage":"eu-ES","@id":"https:\/\/mokorroko.com\/eu\/entorno\/#primaryimage","url":"https:\/\/mokorroko.com\/web\/wp-content\/uploads\/2021\/11\/roble_jauntsaras-opt-1024x682.jpg","contentUrl":"https:\/\/mokorroko.com\/web\/wp-content\/uploads\/2021\/11\/roble_jauntsaras-opt-1024x682.jpg"},{"@type":"BreadcrumbList","@id":"https:\/\/mokorroko.com\/eu\/entorno\/#breadcrumb","itemListElement":[{"@type":"ListItem","position":1,"name":"Portada","item":"https:\/\/mokorroko.com\/eu\/"},{"@type":"ListItem","position":2,"name":"Qu\u00e9 hacer. Actividades, rutas, visitas, etc."}]},{"@type":"WebSite","@id":"https:\/\/mokorroko.com\/#website","url":"https:\/\/mokorroko.com\/","name":"Mokorroko Borda","description":"Alojamiento Rural y Posada Ecuestre","publisher":{"@id":"https:\/\/mokorroko.com\/#organization"},"potentialAction":[{"@type":"SearchAction","target":{"@type":"EntryPoint","urlTemplate":"https:\/\/mokorroko.com\/?s={search_term_string}"},"query-input":{"@type":"PropertyValueSpecification","valueRequired":true,"valueName":"search_term_string"}}],"inLanguage":"eu-ES"},{"@type":"Organization","@id":"https:\/\/mokorroko.com\/#organization","name":"Mokorroko Borda","url":"https:\/\/mokorroko.com\/","logo":{"@type":"ImageObject","inLanguage":"eu-ES","@id":"https:\/\/mokorroko.com\/#\/schema\/logo\/image\/","url":"https:\/\/mokorroko.com\/web\/wp-content\/uploads\/2020\/12\/logo7.png","contentUrl":"https:\/\/mokorroko.com\/web\/wp-content\/uploads\/2020\/12\/logo7.png","width":304,"height":87,"caption":"Mokorroko Borda"},"image":{"@id":"https:\/\/mokorroko.com\/#\/schema\/logo\/image\/"},"sameAs":["https:\/\/www.instagram.com\/mokorrokoborda"]}]}},"_links":{"self":[{"href":"https:\/\/mokorroko.com\/eu\/wp-json\/wp\/v2\/pages\/7145","targetHints":{"allow":["GET"]}}],"collection":[{"href":"https:\/\/mokorroko.com\/eu\/wp-json\/wp\/v2\/pages"}],"about":[{"href":"https:\/\/mokorroko.com\/eu\/wp-json\/wp\/v2\/types\/page"}],"author":[{"embeddable":true,"href":"https:\/\/mokorroko.com\/eu\/wp-json\/wp\/v2\/users\/1"}],"replies":[{"embeddable":true,"href":"https:\/\/mokorroko.com\/eu\/wp-json\/wp\/v2\/comments?post=7145"}],"version-history":[{"count":0,"href":"https:\/\/mokorroko.com\/eu\/wp-json\/wp\/v2\/pages\/7145\/revisions"}],"wp:attachment":[{"href":"https:\/\/mokorroko.com\/eu\/wp-json\/wp\/v2\/media?parent=7145"}],"curies":[{"name":"wp","href":"https:\/\/api.w.org\/{rel}","templated":true}]}}