{"id":7025,"date":"2021-11-29T18:37:08","date_gmt":"2021-11-29T18:37:08","guid":{"rendered":"https:\/\/mokorroko.com\/informacion-legal\/"},"modified":"2025-02-12T14:12:17","modified_gmt":"2025-02-12T12:12:17","slug":"informacion-legal","status":"publish","type":"page","link":"https:\/\/mokorroko.com\/fr\/informacion-legal\/","title":{"rendered":"Informations l\u00e9gales"},"content":{"rendered":"\n<p>Le site web <strong><a href=\"https:\/\/mokorroko.com\/fr\/\">mokorroko.com<\/a><\/strong> a \u00e9t\u00e9 cr\u00e9\u00e9 pour fournir des informations, des coordonn\u00e9es et des services li\u00e9s \u00e0 l&#8217;h\u00e9bergement, ainsi que pour faciliter les r\u00e9servations.<\/p>\n\n\n\n<p><strong>PROPRI\u00c9T\u00c9 DU SITE WEB ET DONN\u00c9ES IDENTIFIANTES<\/strong><\/p>\n\n\n\n<p>Le site web <strong>mokorroko.com<\/strong> est la propri\u00e9t\u00e9 de la SOCI\u00c9T\u00c9 COOP\u00c9RATIVE MICROPOSADA MOKORROKO BORDA, avec le CIF F71284582, situ\u00e9e \u00e0 C\/ BEHEITIKOA, N\u00ba43, 31869 ETXALEKU-NAVARRA-ESPAGNE, num\u00e9ro de t\u00e9l\u00e9phone : +34 948 503 221, email : <a>info@mokorroko.com<\/a><\/p>\n\n\n\n<p>En utilisant ce site web, l&#8217;utilisateur accepte express\u00e9ment toutes les conditions d&#8217;utilisation. S&#8217;il ne les accepte pas, il doit s&#8217;abstenir d&#8217;acc\u00e9der au site web <strong>mokorroko.com<\/strong><\/p>\n\n\n\n<p><strong><strong>CONDITIONS G\u00c9N\u00c9RALES. PROTECTION DES DONN\u00c9ES PERSONNELLES<\/strong><\/strong><\/p>\n\n\n\n<p>Les conditions d&#8217;utilisation des h\u00e9bergements sont disponibles sur le site web et peuvent \u00eatre t\u00e9l\u00e9charg\u00e9es \u00e0 tout moment pour consultation. Veuillez lire attentivement ces sections concernant les conditions de r\u00e9servation, les prix et les modes de paiement. Vous devrez remplir un formulaire de contact ou de r\u00e9servation, en fournissant des donn\u00e9es personnelles n\u00e9cessaires pour recevoir des informations ou effectuer une r\u00e9servation. L&#8217;\u00e9tablissement respecte la r\u00e9glementation europ\u00e9enne sur la protection des donn\u00e9es personnelles (R\u00e8glement UE 679\/2016), comme indiqu\u00e9 dans la politique de confidentialit\u00e9 de ce site web. Vous devez accepter la politique de confidentialit\u00e9 et le traitement des donn\u00e9es pour un service de r\u00e9servation d&#8217;h\u00e9bergement appropri\u00e9. of use of the accommodations are available on the website and can be downloaded at any time for reading and viewing. Please carefully review these sections for booking conditions, prices, and payment methods. You will be required to fill out a contact or booking form, providing personal data necessary to receive information or complete a reservation. The establishment complies with European personal data protection regulations (Regulation EU 679\/2016), as outlined in the privacy policy on this website. You must accept the privacy policy and data processing for the proper service of accommodation booking.<\/p>\n\n\n\n<p>L&#8217;acc\u00e8s \u00e0 <strong>mokorroko.com<\/strong> est sous la seule responsabilit\u00e9 des utilisateurs.<\/p>\n\n\n\n<p><strong>CODES DE CONDUITE<\/strong><\/p>\n\n\n\n<p>Le site web <strong>mokorroko.com<\/strong> n&#8217;est pas adh\u00e9rent \u00e0 un code de conduite, qu&#8217;il soit interne ou externe. Cette adh\u00e9sion peut \u00eatre modifi\u00e9e par le propri\u00e9taire du site sans pr\u00e9avis \u00e9crit aux utilisateurs. <strong>mokorroko.com<\/strong> is not adherent to any code of conduct, whether its own or external. This adherence may be modified by the website&#8217;s owner without prior written notice to users.<\/p>\n\n\n\n<p><strong>COOKIES<\/strong><\/p>\n\n\n\n<p>Un cookie est un petit fichier texte stock\u00e9 dans votre navigateur lorsque vous visitez un site web. Il aide le site \u00e0 se souvenir de votre visite lors de votre retour. Les cookies stockent g\u00e9n\u00e9ralement des informations techniques, des pr\u00e9f\u00e9rences personnelles, des statistiques d&#8217;utilisation, des liens vers les r\u00e9seaux sociaux, l&#8217;acc\u00e8s aux comptes utilisateurs et les habitudes de navigation. L&#8217;objectif des cookies est d&#8217;adapter le contenu du site web \u00e0 votre profil et \u00e0 vos besoins, car les services sans cookies seraient consid\u00e9rablement r\u00e9duits.<\/p>\n\n\n\n<p>Les cookies utilis\u00e9s sur ce site comprennent :<\/p>\n\n\n\n<ul class=\"wp-block-list\">\n<li><strong>Cookies de session<\/strong> pour identifier le nombre d&#8217;utilisateurs et analyser l&#8217;utilisation statistique des services.<\/li>\n\n\n\n<li><strong>Cookies Google Analytics<\/strong> pour les statistiques de trafic.<\/li>\n\n\n\n<li><strong>Cookies des r\u00e9seaux sociaux<\/strong> pour aimer ou partager du contenu.<\/li>\n<\/ul>\n\n\n\n<p><strong><strong>D\u00e9sactiver ou supprimer les cookies<\/strong><\/strong><\/p>\n\n\n\n<p>Vous pouvez d\u00e9sactiver ou supprimer les cookies \u00e0 tout moment via les param\u00e8tres de votre navigateur.<\/p>\n\n\n\n<p><strong><strong>DROITS DE PROPRI\u00c9T\u00c9 INTELLECTUELLE<\/strong><\/strong><\/p>\n\n\n\n<p>Tout le contenu du site web appartient au titulaire du site ou \u00e0 leurs titulaires respectifs des droits. Toute exploitation de ce contenu sans autorisation est interdite. La reproduction, la distribution, la communication, la transformation ou l&#8217;adaptation de toute \u0153uvre intellectuelle sur le site n\u00e9cessite l&#8217;autorisation \u00e9crite expresse des titulaires des droits d&#8217;auteur.<\/p>\n\n\n\n<p><strong><strong>RESPONSABILIT\u00c9 DU FONCTIONNEMENT DU SITE<\/strong><\/strong><\/p>\n\n\n\n<p>Le titulaire du site n&#8217;est pas responsable de l&#8217;utilisation incorrecte de ce site. Des corrections, am\u00e9liorations ou modifications peuvent \u00eatre apport\u00e9es au contenu sans qu&#8217;aucune r\u00e9clamation ou compensation n&#8217;en d\u00e9coule. Le site ne garantit pas l&#8217;absence de virus ou d&#8217;\u00e9l\u00e9ments pouvant endommager vos syst\u00e8mes informatiques ou ceux de tiers.<\/p>\n\n\n\n<p><strong><strong>LOI APPLICABLE ET JURIDICTION<\/strong><\/strong><\/p>\n\n\n\n<p>Toute contestation d\u00e9coulant de l&#8217;acc\u00e8s ou de l&#8217;utilisation du site web <strong>mokorroko.com<\/strong> rel\u00e8ve de la juridiction exclusive des tribunaux de Pampelune, Navarre.<\/p>\n","protected":false},"excerpt":{"rendered":"<p>Le site web mokorroko.com a \u00e9t\u00e9 cr\u00e9\u00e9 pour fournir des informations, des coordonn\u00e9es et des services li\u00e9s \u00e0 l&#8217;h\u00e9bergement, ainsi que pour faciliter les r\u00e9servations. PROPRI\u00c9T\u00c9 DU SITE WEB ET DONN\u00c9ES IDENTIFIANTES Le site web mokorroko.com est la propri\u00e9t\u00e9 de la SOCI\u00c9T\u00c9 COOP\u00c9RATIVE MICROPOSADA MOKORROKO BORDA, avec le CIF F71284582, situ\u00e9e \u00e0 C\/ BEHEITIKOA, N\u00ba43, &#8230; <a title=\"Informations l\u00e9gales\" class=\"read-more\" href=\"https:\/\/mokorroko.com\/fr\/informacion-legal\/\" aria-label=\"En savoir plus sur Informations l\u00e9gales\">Lire plus<\/a><\/p>\n","protected":false},"author":1,"featured_media":0,"parent":0,"menu_order":0,"comment_status":"closed","ping_status":"closed","template":"","meta":{"inline_featured_image":false,"footnotes":""},"class_list":["post-7025","page","type-page","status-publish"],"yoast_head":"<!-- This site is optimized with the Yoast SEO plugin v27.4 - https:\/\/yoast.com\/product\/yoast-seo-wordpress\/ -->\n<title>Informations l\u00e9gales - Mokorroko Borda<\/title>\n<meta name=\"robots\" content=\"index, follow, max-snippet:-1, max-image-preview:large, max-video-preview:-1\" \/>\n<link rel=\"canonical\" href=\"https:\/\/mokorroko.com\/fr\/informacion-legal\/\" \/>\n<meta property=\"og:locale\" content=\"fr_FR\" \/>\n<meta property=\"og:type\" content=\"article\" \/>\n<meta property=\"og:title\" content=\"Informations l\u00e9gales - Mokorroko Borda\" \/>\n<meta property=\"og:description\" content=\"Le site web mokorroko.com a \u00e9t\u00e9 cr\u00e9\u00e9 pour fournir des informations, des coordonn\u00e9es et des services li\u00e9s \u00e0 l&#8217;h\u00e9bergement, ainsi que pour faciliter les r\u00e9servations. PROPRI\u00c9T\u00c9 DU SITE WEB ET DONN\u00c9ES IDENTIFIANTES Le site web mokorroko.com est la propri\u00e9t\u00e9 de la SOCI\u00c9T\u00c9 COOP\u00c9RATIVE MICROPOSADA MOKORROKO BORDA, avec le CIF F71284582, situ\u00e9e \u00e0 C\/ BEHEITIKOA, N\u00ba43, ... Lire plus\" \/>\n<meta property=\"og:url\" content=\"https:\/\/mokorroko.com\/fr\/informacion-legal\/\" \/>\n<meta property=\"og:site_name\" content=\"Mokorroko Borda\" \/>\n<meta property=\"article:publisher\" content=\"https:\/\/www.instagram.com\/mokorrokoborda\" \/>\n<meta property=\"article:modified_time\" content=\"2025-02-12T12:12:17+00:00\" \/>\n<meta name=\"twitter:card\" content=\"summary_large_image\" \/>\n<meta name=\"twitter:label1\" content=\"Dur\u00e9e de lecture estim\u00e9e\" \/>\n\t<meta name=\"twitter:data1\" content=\"4 minutes\" \/>\n<script type=\"application\/ld+json\" class=\"yoast-schema-graph\">{\"@context\":\"https:\\\/\\\/schema.org\",\"@graph\":[{\"@type\":\"WebPage\",\"@id\":\"https:\\\/\\\/mokorroko.com\\\/fr\\\/informacion-legal\\\/\",\"url\":\"https:\\\/\\\/mokorroko.com\\\/fr\\\/informacion-legal\\\/\",\"name\":\"Informations l\u00e9gales - Mokorroko Borda\",\"isPartOf\":{\"@id\":\"https:\\\/\\\/mokorroko.com\\\/#website\"},\"datePublished\":\"2021-11-29T18:37:08+00:00\",\"dateModified\":\"2025-02-12T12:12:17+00:00\",\"breadcrumb\":{\"@id\":\"https:\\\/\\\/mokorroko.com\\\/fr\\\/informacion-legal\\\/#breadcrumb\"},\"inLanguage\":\"fr-FR\",\"potentialAction\":[{\"@type\":\"ReadAction\",\"target\":[\"https:\\\/\\\/mokorroko.com\\\/fr\\\/informacion-legal\\\/\"]}]},{\"@type\":\"BreadcrumbList\",\"@id\":\"https:\\\/\\\/mokorroko.com\\\/fr\\\/informacion-legal\\\/#breadcrumb\",\"itemListElement\":[{\"@type\":\"ListItem\",\"position\":1,\"name\":\"Portada\",\"item\":\"https:\\\/\\\/mokorroko.com\\\/fr\\\/\"},{\"@type\":\"ListItem\",\"position\":2,\"name\":\"Informations l\u00e9gales\"}]},{\"@type\":\"WebSite\",\"@id\":\"https:\\\/\\\/mokorroko.com\\\/#website\",\"url\":\"https:\\\/\\\/mokorroko.com\\\/\",\"name\":\"Mokorroko Borda\",\"description\":\"Alojamiento Rural y Posada Ecuestre\",\"publisher\":{\"@id\":\"https:\\\/\\\/mokorroko.com\\\/#organization\"},\"potentialAction\":[{\"@type\":\"SearchAction\",\"target\":{\"@type\":\"EntryPoint\",\"urlTemplate\":\"https:\\\/\\\/mokorroko.com\\\/?s={search_term_string}\"},\"query-input\":{\"@type\":\"PropertyValueSpecification\",\"valueRequired\":true,\"valueName\":\"search_term_string\"}}],\"inLanguage\":\"fr-FR\"},{\"@type\":\"Organization\",\"@id\":\"https:\\\/\\\/mokorroko.com\\\/#organization\",\"name\":\"Mokorroko Borda\",\"url\":\"https:\\\/\\\/mokorroko.com\\\/\",\"logo\":{\"@type\":\"ImageObject\",\"inLanguage\":\"fr-FR\",\"@id\":\"https:\\\/\\\/mokorroko.com\\\/#\\\/schema\\\/logo\\\/image\\\/\",\"url\":\"https:\\\/\\\/mokorroko.com\\\/web\\\/wp-content\\\/uploads\\\/2020\\\/12\\\/logo7.png\",\"contentUrl\":\"https:\\\/\\\/mokorroko.com\\\/web\\\/wp-content\\\/uploads\\\/2020\\\/12\\\/logo7.png\",\"width\":304,\"height\":87,\"caption\":\"Mokorroko Borda\"},\"image\":{\"@id\":\"https:\\\/\\\/mokorroko.com\\\/#\\\/schema\\\/logo\\\/image\\\/\"},\"sameAs\":[\"https:\\\/\\\/www.instagram.com\\\/mokorrokoborda\"]}]}<\/script>\n<!-- \/ Yoast SEO plugin. -->","yoast_head_json":{"title":"Informations l\u00e9gales - Mokorroko Borda","robots":{"index":"index","follow":"follow","max-snippet":"max-snippet:-1","max-image-preview":"max-image-preview:large","max-video-preview":"max-video-preview:-1"},"canonical":"https:\/\/mokorroko.com\/fr\/informacion-legal\/","og_locale":"fr_FR","og_type":"article","og_title":"Informations l\u00e9gales - Mokorroko Borda","og_description":"Le site web mokorroko.com a \u00e9t\u00e9 cr\u00e9\u00e9 pour fournir des informations, des coordonn\u00e9es et des services li\u00e9s \u00e0 l&#8217;h\u00e9bergement, ainsi que pour faciliter les r\u00e9servations. PROPRI\u00c9T\u00c9 DU SITE WEB ET DONN\u00c9ES IDENTIFIANTES Le site web mokorroko.com est la propri\u00e9t\u00e9 de la SOCI\u00c9T\u00c9 COOP\u00c9RATIVE MICROPOSADA MOKORROKO BORDA, avec le CIF F71284582, situ\u00e9e \u00e0 C\/ BEHEITIKOA, N\u00ba43, ... Lire plus","og_url":"https:\/\/mokorroko.com\/fr\/informacion-legal\/","og_site_name":"Mokorroko Borda","article_publisher":"https:\/\/www.instagram.com\/mokorrokoborda","article_modified_time":"2025-02-12T12:12:17+00:00","twitter_card":"summary_large_image","twitter_misc":{"Dur\u00e9e de lecture estim\u00e9e":"4 minutes"},"schema":{"@context":"https:\/\/schema.org","@graph":[{"@type":"WebPage","@id":"https:\/\/mokorroko.com\/fr\/informacion-legal\/","url":"https:\/\/mokorroko.com\/fr\/informacion-legal\/","name":"Informations l\u00e9gales - Mokorroko Borda","isPartOf":{"@id":"https:\/\/mokorroko.com\/#website"},"datePublished":"2021-11-29T18:37:08+00:00","dateModified":"2025-02-12T12:12:17+00:00","breadcrumb":{"@id":"https:\/\/mokorroko.com\/fr\/informacion-legal\/#breadcrumb"},"inLanguage":"fr-FR","potentialAction":[{"@type":"ReadAction","target":["https:\/\/mokorroko.com\/fr\/informacion-legal\/"]}]},{"@type":"BreadcrumbList","@id":"https:\/\/mokorroko.com\/fr\/informacion-legal\/#breadcrumb","itemListElement":[{"@type":"ListItem","position":1,"name":"Portada","item":"https:\/\/mokorroko.com\/fr\/"},{"@type":"ListItem","position":2,"name":"Informations l\u00e9gales"}]},{"@type":"WebSite","@id":"https:\/\/mokorroko.com\/#website","url":"https:\/\/mokorroko.com\/","name":"Mokorroko Borda","description":"Alojamiento Rural y Posada Ecuestre","publisher":{"@id":"https:\/\/mokorroko.com\/#organization"},"potentialAction":[{"@type":"SearchAction","target":{"@type":"EntryPoint","urlTemplate":"https:\/\/mokorroko.com\/?s={search_term_string}"},"query-input":{"@type":"PropertyValueSpecification","valueRequired":true,"valueName":"search_term_string"}}],"inLanguage":"fr-FR"},{"@type":"Organization","@id":"https:\/\/mokorroko.com\/#organization","name":"Mokorroko Borda","url":"https:\/\/mokorroko.com\/","logo":{"@type":"ImageObject","inLanguage":"fr-FR","@id":"https:\/\/mokorroko.com\/#\/schema\/logo\/image\/","url":"https:\/\/mokorroko.com\/web\/wp-content\/uploads\/2020\/12\/logo7.png","contentUrl":"https:\/\/mokorroko.com\/web\/wp-content\/uploads\/2020\/12\/logo7.png","width":304,"height":87,"caption":"Mokorroko Borda"},"image":{"@id":"https:\/\/mokorroko.com\/#\/schema\/logo\/image\/"},"sameAs":["https:\/\/www.instagram.com\/mokorrokoborda"]}]}},"_links":{"self":[{"href":"https:\/\/mokorroko.com\/fr\/wp-json\/wp\/v2\/pages\/7025","targetHints":{"allow":["GET"]}}],"collection":[{"href":"https:\/\/mokorroko.com\/fr\/wp-json\/wp\/v2\/pages"}],"about":[{"href":"https:\/\/mokorroko.com\/fr\/wp-json\/wp\/v2\/types\/page"}],"author":[{"embeddable":true,"href":"https:\/\/mokorroko.com\/fr\/wp-json\/wp\/v2\/users\/1"}],"replies":[{"embeddable":true,"href":"https:\/\/mokorroko.com\/fr\/wp-json\/wp\/v2\/comments?post=7025"}],"version-history":[{"count":1,"href":"https:\/\/mokorroko.com\/fr\/wp-json\/wp\/v2\/pages\/7025\/revisions"}],"predecessor-version":[{"id":7027,"href":"https:\/\/mokorroko.com\/fr\/wp-json\/wp\/v2\/pages\/7025\/revisions\/7027"}],"wp:attachment":[{"href":"https:\/\/mokorroko.com\/fr\/wp-json\/wp\/v2\/media?parent=7025"}],"curies":[{"name":"wp","href":"https:\/\/api.w.org\/{rel}","templated":true}]}}