{"id":7128,"date":"2022-04-14T08:44:24","date_gmt":"2022-04-14T08:44:24","guid":{"rendered":"https:\/\/mokorroko.com\/condiciones-de-reserva-y-cancelacion\/"},"modified":"2025-07-29T12:14:44","modified_gmt":"2025-07-29T10:14:44","slug":"conditions-de-reservation-et-dannulation","status":"publish","type":"page","link":"https:\/\/mokorroko.com\/fr\/conditions-de-reservation-et-dannulation\/","title":{"rendered":"Conditions de r\u00e9servation et d&#8217;annulation"},"content":{"rendered":"\n<div style=\"height:20px\" aria-hidden=\"true\" class=\"wp-block-spacer\"><\/div>\n\n\n<div class=\"gb-container gb-container-a2c090f6\"><div class=\"gb-inside-container\">\n<div class=\"gb-grid-wrapper gb-grid-wrapper-01b49f25\">\n<div class=\"gb-grid-column gb-grid-column-e724dc7a\"><div class=\"gb-container gb-container-e724dc7a\"><div class=\"gb-inside-container\"><\/div><\/div><\/div>\n\n<div class=\"gb-grid-column gb-grid-column-0e4cef38\"><div class=\"gb-container gb-container-0e4cef38\"><div class=\"gb-inside-container\">\n\n<p class=\"has-text-align-center\">N&#8217;h\u00e9sitez pas \u00e0 consulter la section FAQ ou \u00e0 <a href=\"https:\/\/mokorroko.com\/fr\/contacto\/\">contacter l&#8217;\u00e9quipe de Mokorroko Borda<\/a> si vous avez des questions auxquelles cette section ne r\u00e9pond pas.<\/p>\n\n\n\n<h5 class=\"gb-headline gb-headline-27bb901b gb-headline-text\">Les conditions pr\u00e9sent\u00e9es ici se r\u00e9f\u00e8rent exclusivement aux r\u00e9servations effectu\u00e9es directement aupr\u00e8s de l&#8217;\u00e9tablissement, que ce soit par le biais de ce site web, par t\u00e9l\u00e9phone ou par courrier \u00e9lectronique.<\/h5>\n\n\n\n<h5 class=\"gb-headline gb-headline-b2e33e45 gb-headline-text\">Mokorroko Borda ne peut pas toujours choisir les conditions \u00e9tablies par les op\u00e9rateurs externes et ne peut donc pas \u00eatre tenu responsable au cas o\u00f9 elles ne co\u00efncideraient pas avec les conditions de l&#8217;\u00e9tablissement.<\/h5>\n\n<\/div><\/div><\/div>\n\n<div class=\"gb-grid-column gb-grid-column-8a7858ae\"><div class=\"gb-container gb-container-8a7858ae\"><div class=\"gb-inside-container\"><\/div><\/div><\/div>\n<\/div>\n<\/div><\/div>\n\n\n<hr class=\"wp-block-separator has-text-color has-accent-color has-css-opacity has-accent-background-color has-background\"\/>\n\n\n<div class=\"gb-container gb-container-af3145e7\"><div class=\"gb-inside-container\">\n<div class=\"gb-grid-wrapper gb-grid-wrapper-458cb9f5\">\n<div class=\"gb-grid-column gb-grid-column-451cc716\"><div class=\"gb-container gb-container-451cc716\"><div class=\"gb-inside-container\"><\/div><\/div><\/div>\n\n<div class=\"gb-grid-column gb-grid-column-2080311f\"><div class=\"gb-container gb-container-2080311f\"><div class=\"gb-inside-container\">\n\n<h5 class=\"gb-headline gb-headline-8eecc762 gb-headline-text\">R\u00e9servation<\/h5>\n\n\n\n<p>Pour la formalisation de la r\u00e9servation, l&#8217;\u00e9tablissement demandera 30% de la valeur totale de la r\u00e9servation, qui sera pay\u00e9e par virement bancaire, carte de cr\u00e9dit ou tout autre moyen de paiement prouvable.<\/p>\n\n\n\n<h5 class=\"gb-headline gb-headline-3db0e6de gb-headline-text\">Politique d&#8217;annulation.<\/h5>\n\n\n\n<p>Les r\u00e9servations annul\u00e9es plus de 14 jours avant la date d&#8217;arriv\u00e9e n&#8217;entra\u00eenent pas de p\u00e9nalit\u00e9.<\/p>\n\n\n\n<p>Les annulations effectu\u00e9es moins de 15 jours avant la date d&#8217;arriv\u00e9e entra\u00eeneront le non-remboursement de l&#8217;acompte.<\/p>\n\n\n\n<p>En cas de non-pr\u00e9sentation, l&#8217;\u00e9tablissement facturera le montant total de la r\u00e9servation et celle-ci sera annul\u00e9e.<\/p>\n\n\n\n<p>En cas de d\u00e9part anticip\u00e9 sans pr\u00e9avis. L&#8217;auberge facturera une nuit en plus de celles dont vous avez d\u00e9j\u00e0 b\u00e9n\u00e9fici\u00e9.<\/p>\n\n<\/div><\/div><\/div>\n\n<div class=\"gb-grid-column gb-grid-column-675bac97\"><div class=\"gb-container gb-container-675bac97\"><div class=\"gb-inside-container\"><\/div><\/div><\/div>\n<\/div>\n<\/div><\/div>\n\n\n<p><\/p>\n","protected":false},"excerpt":{"rendered":"","protected":false},"author":1,"featured_media":0,"parent":0,"menu_order":0,"comment_status":"closed","ping_status":"closed","template":"","meta":{"inline_featured_image":false,"footnotes":""},"class_list":["post-7128","page","type-page","status-publish"],"yoast_head":"<!-- This site is optimized with the Yoast SEO plugin v27.4 - https:\/\/yoast.com\/product\/yoast-seo-wordpress\/ -->\n<title>Conditions de r\u00e9servation et d&#039;annulation - Mokorroko Borda<\/title>\n<meta name=\"description\" content=\"Conditions de r\u00e9servation et d&#039;annulation pour les s\u00e9jours r\u00e9serv\u00e9s \u00e0 Mokorroko Borda. Annulation gratuite et p\u00e9nalit\u00e9.\" \/>\n<meta name=\"robots\" content=\"index, follow, max-snippet:-1, max-image-preview:large, max-video-preview:-1\" \/>\n<link rel=\"canonical\" href=\"https:\/\/mokorroko.com\/fr\/conditions-de-reservation-et-dannulation\/\" \/>\n<meta property=\"og:locale\" content=\"fr_FR\" \/>\n<meta property=\"og:type\" content=\"article\" \/>\n<meta property=\"og:title\" content=\"Conditions de r\u00e9servation et d&#039;annulation - Mokorroko Borda\" \/>\n<meta property=\"og:description\" content=\"Conditions de r\u00e9servation et d&#039;annulation pour les s\u00e9jours r\u00e9serv\u00e9s \u00e0 Mokorroko Borda. Annulation gratuite et p\u00e9nalit\u00e9.\" \/>\n<meta property=\"og:url\" content=\"https:\/\/mokorroko.com\/fr\/conditions-de-reservation-et-dannulation\/\" \/>\n<meta property=\"og:site_name\" content=\"Mokorroko Borda\" \/>\n<meta property=\"article:publisher\" content=\"https:\/\/www.instagram.com\/mokorrokoborda\" \/>\n<meta property=\"article:modified_time\" content=\"2025-07-29T10:14:44+00:00\" \/>\n<meta name=\"twitter:card\" content=\"summary_large_image\" \/>\n<meta name=\"twitter:label1\" content=\"Dur\u00e9e de lecture estim\u00e9e\" \/>\n\t<meta name=\"twitter:data1\" content=\"1 minute\" \/>\n<script type=\"application\/ld+json\" class=\"yoast-schema-graph\">{\"@context\":\"https:\\\/\\\/schema.org\",\"@graph\":[{\"@type\":\"WebPage\",\"@id\":\"https:\\\/\\\/mokorroko.com\\\/fr\\\/conditions-de-reservation-et-dannulation\\\/\",\"url\":\"https:\\\/\\\/mokorroko.com\\\/fr\\\/conditions-de-reservation-et-dannulation\\\/\",\"name\":\"Conditions de r\u00e9servation et d'annulation - Mokorroko Borda\",\"isPartOf\":{\"@id\":\"https:\\\/\\\/mokorroko.com\\\/#website\"},\"datePublished\":\"2022-04-14T08:44:24+00:00\",\"dateModified\":\"2025-07-29T10:14:44+00:00\",\"description\":\"Conditions de r\u00e9servation et d'annulation pour les s\u00e9jours r\u00e9serv\u00e9s \u00e0 Mokorroko Borda. Annulation gratuite et p\u00e9nalit\u00e9.\",\"breadcrumb\":{\"@id\":\"https:\\\/\\\/mokorroko.com\\\/fr\\\/conditions-de-reservation-et-dannulation\\\/#breadcrumb\"},\"inLanguage\":\"fr-FR\",\"potentialAction\":[{\"@type\":\"ReadAction\",\"target\":[\"https:\\\/\\\/mokorroko.com\\\/fr\\\/conditions-de-reservation-et-dannulation\\\/\"]}]},{\"@type\":\"BreadcrumbList\",\"@id\":\"https:\\\/\\\/mokorroko.com\\\/fr\\\/conditions-de-reservation-et-dannulation\\\/#breadcrumb\",\"itemListElement\":[{\"@type\":\"ListItem\",\"position\":1,\"name\":\"Portada\",\"item\":\"https:\\\/\\\/mokorroko.com\\\/fr\\\/\"},{\"@type\":\"ListItem\",\"position\":2,\"name\":\"Conditions de r\u00e9servation et d&#8217;annulation\"}]},{\"@type\":\"WebSite\",\"@id\":\"https:\\\/\\\/mokorroko.com\\\/#website\",\"url\":\"https:\\\/\\\/mokorroko.com\\\/\",\"name\":\"Mokorroko Borda\",\"description\":\"Alojamiento Rural y Posada Ecuestre\",\"publisher\":{\"@id\":\"https:\\\/\\\/mokorroko.com\\\/#organization\"},\"potentialAction\":[{\"@type\":\"SearchAction\",\"target\":{\"@type\":\"EntryPoint\",\"urlTemplate\":\"https:\\\/\\\/mokorroko.com\\\/?s={search_term_string}\"},\"query-input\":{\"@type\":\"PropertyValueSpecification\",\"valueRequired\":true,\"valueName\":\"search_term_string\"}}],\"inLanguage\":\"fr-FR\"},{\"@type\":\"Organization\",\"@id\":\"https:\\\/\\\/mokorroko.com\\\/#organization\",\"name\":\"Mokorroko Borda\",\"url\":\"https:\\\/\\\/mokorroko.com\\\/\",\"logo\":{\"@type\":\"ImageObject\",\"inLanguage\":\"fr-FR\",\"@id\":\"https:\\\/\\\/mokorroko.com\\\/#\\\/schema\\\/logo\\\/image\\\/\",\"url\":\"https:\\\/\\\/mokorroko.com\\\/web\\\/wp-content\\\/uploads\\\/2020\\\/12\\\/logo7.png\",\"contentUrl\":\"https:\\\/\\\/mokorroko.com\\\/web\\\/wp-content\\\/uploads\\\/2020\\\/12\\\/logo7.png\",\"width\":304,\"height\":87,\"caption\":\"Mokorroko Borda\"},\"image\":{\"@id\":\"https:\\\/\\\/mokorroko.com\\\/#\\\/schema\\\/logo\\\/image\\\/\"},\"sameAs\":[\"https:\\\/\\\/www.instagram.com\\\/mokorrokoborda\"]}]}<\/script>\n<!-- \/ Yoast SEO plugin. -->","yoast_head_json":{"title":"Conditions de r\u00e9servation et d'annulation - Mokorroko Borda","description":"Conditions de r\u00e9servation et d'annulation pour les s\u00e9jours r\u00e9serv\u00e9s \u00e0 Mokorroko Borda. Annulation gratuite et p\u00e9nalit\u00e9.","robots":{"index":"index","follow":"follow","max-snippet":"max-snippet:-1","max-image-preview":"max-image-preview:large","max-video-preview":"max-video-preview:-1"},"canonical":"https:\/\/mokorroko.com\/fr\/conditions-de-reservation-et-dannulation\/","og_locale":"fr_FR","og_type":"article","og_title":"Conditions de r\u00e9servation et d'annulation - Mokorroko Borda","og_description":"Conditions de r\u00e9servation et d'annulation pour les s\u00e9jours r\u00e9serv\u00e9s \u00e0 Mokorroko Borda. Annulation gratuite et p\u00e9nalit\u00e9.","og_url":"https:\/\/mokorroko.com\/fr\/conditions-de-reservation-et-dannulation\/","og_site_name":"Mokorroko Borda","article_publisher":"https:\/\/www.instagram.com\/mokorrokoborda","article_modified_time":"2025-07-29T10:14:44+00:00","twitter_card":"summary_large_image","twitter_misc":{"Dur\u00e9e de lecture estim\u00e9e":"1 minute"},"schema":{"@context":"https:\/\/schema.org","@graph":[{"@type":"WebPage","@id":"https:\/\/mokorroko.com\/fr\/conditions-de-reservation-et-dannulation\/","url":"https:\/\/mokorroko.com\/fr\/conditions-de-reservation-et-dannulation\/","name":"Conditions de r\u00e9servation et d'annulation - Mokorroko Borda","isPartOf":{"@id":"https:\/\/mokorroko.com\/#website"},"datePublished":"2022-04-14T08:44:24+00:00","dateModified":"2025-07-29T10:14:44+00:00","description":"Conditions de r\u00e9servation et d'annulation pour les s\u00e9jours r\u00e9serv\u00e9s \u00e0 Mokorroko Borda. Annulation gratuite et p\u00e9nalit\u00e9.","breadcrumb":{"@id":"https:\/\/mokorroko.com\/fr\/conditions-de-reservation-et-dannulation\/#breadcrumb"},"inLanguage":"fr-FR","potentialAction":[{"@type":"ReadAction","target":["https:\/\/mokorroko.com\/fr\/conditions-de-reservation-et-dannulation\/"]}]},{"@type":"BreadcrumbList","@id":"https:\/\/mokorroko.com\/fr\/conditions-de-reservation-et-dannulation\/#breadcrumb","itemListElement":[{"@type":"ListItem","position":1,"name":"Portada","item":"https:\/\/mokorroko.com\/fr\/"},{"@type":"ListItem","position":2,"name":"Conditions de r\u00e9servation et d&#8217;annulation"}]},{"@type":"WebSite","@id":"https:\/\/mokorroko.com\/#website","url":"https:\/\/mokorroko.com\/","name":"Mokorroko Borda","description":"Alojamiento Rural y Posada Ecuestre","publisher":{"@id":"https:\/\/mokorroko.com\/#organization"},"potentialAction":[{"@type":"SearchAction","target":{"@type":"EntryPoint","urlTemplate":"https:\/\/mokorroko.com\/?s={search_term_string}"},"query-input":{"@type":"PropertyValueSpecification","valueRequired":true,"valueName":"search_term_string"}}],"inLanguage":"fr-FR"},{"@type":"Organization","@id":"https:\/\/mokorroko.com\/#organization","name":"Mokorroko Borda","url":"https:\/\/mokorroko.com\/","logo":{"@type":"ImageObject","inLanguage":"fr-FR","@id":"https:\/\/mokorroko.com\/#\/schema\/logo\/image\/","url":"https:\/\/mokorroko.com\/web\/wp-content\/uploads\/2020\/12\/logo7.png","contentUrl":"https:\/\/mokorroko.com\/web\/wp-content\/uploads\/2020\/12\/logo7.png","width":304,"height":87,"caption":"Mokorroko Borda"},"image":{"@id":"https:\/\/mokorroko.com\/#\/schema\/logo\/image\/"},"sameAs":["https:\/\/www.instagram.com\/mokorrokoborda"]}]}},"_links":{"self":[{"href":"https:\/\/mokorroko.com\/fr\/wp-json\/wp\/v2\/pages\/7128","targetHints":{"allow":["GET"]}}],"collection":[{"href":"https:\/\/mokorroko.com\/fr\/wp-json\/wp\/v2\/pages"}],"about":[{"href":"https:\/\/mokorroko.com\/fr\/wp-json\/wp\/v2\/types\/page"}],"author":[{"embeddable":true,"href":"https:\/\/mokorroko.com\/fr\/wp-json\/wp\/v2\/users\/1"}],"replies":[{"embeddable":true,"href":"https:\/\/mokorroko.com\/fr\/wp-json\/wp\/v2\/comments?post=7128"}],"version-history":[{"count":1,"href":"https:\/\/mokorroko.com\/fr\/wp-json\/wp\/v2\/pages\/7128\/revisions"}],"predecessor-version":[{"id":7130,"href":"https:\/\/mokorroko.com\/fr\/wp-json\/wp\/v2\/pages\/7128\/revisions\/7130"}],"wp:attachment":[{"href":"https:\/\/mokorroko.com\/fr\/wp-json\/wp\/v2\/media?parent=7128"}],"curies":[{"name":"wp","href":"https:\/\/api.w.org\/{rel}","templated":true}]}}