{"id":7136,"date":"2022-01-17T19:16:44","date_gmt":"2022-01-17T19:16:44","guid":{"rendered":"https:\/\/mokorroko.com\/faq\/"},"modified":"2025-07-29T12:27:03","modified_gmt":"2025-07-29T10:27:03","slug":"faq","status":"publish","type":"page","link":"https:\/\/mokorroko.com\/fr\/faq\/","title":{"rendered":"Foire aux questions (FAQ)"},"content":{"rendered":"\n<div class=\"wp-block-columns is-layout-flex wp-container-core-columns-is-layout-9d6595d7 wp-block-columns-is-layout-flex\">\n<div class=\"wp-block-column is-layout-flow wp-block-column-is-layout-flow\" style=\"flex-basis:15%\"><\/div>\n\n\n\n<div class=\"wp-block-column is-layout-flow wp-block-column-is-layout-flow\" style=\"flex-basis:70%\"><div class=\"gb-container gb-container-b61a6ca9\">\n<div class=\"gb-container gb-container-70f61700\">\n\n<p class=\"gb-headline gb-headline-77e57544 gb-headline-text\"><strong>Les animaux de compagnie sont-ils autoris\u00e9s ?<\/strong><\/p>\n\n\n\n<p>Oui, en plus des chevaux, nous acceptons les animaux domestiques. Chaque animal co\u00fbte un suppl\u00e9ment de 6\u20ac\/nuit. S&#8217;il s&#8217;agit d&#8217;un cheval, nous disposons de boxes, de paddocks et d&#8217;une sellerie. Pour les \u00e9quid\u00e9s, il y a un suppl\u00e9ment de 20\u20ac\/nuit si vous avez besoin d&#8217;un box.<\/p>\n\n<\/div>\n\n<div class=\"gb-container gb-container-595c11c6\">\n\n<p class=\"gb-headline gb-headline-494b4efe gb-headline-text\"><strong>Existe-t-il des chambres adapt\u00e9es aux personnes \u00e0 mobilit\u00e9 r\u00e9duite ?<\/strong><\/p>\n\n\n\n<p>Oui, l&#8217;appartement avec acc\u00e8s direct \u00e0 l&#8217;ext\u00e9rieur est adapt\u00e9.<\/p>\n\n<\/div>\n\n<div class=\"gb-container gb-container-7cea3405\">\n\n<p class=\"gb-headline gb-headline-2bab8308 gb-headline-text\"><strong>Quelle est l&#8217;heure d&#8217;arriv\u00e9e et de d\u00e9part des chambres ?<\/strong><\/p>\n\n\n\n<p>L&#8217;heure d&#8217;arriv\u00e9e est \u00e0 partir de 16h00 et la chambre doit \u00eatre lib\u00e9r\u00e9e avant 12h00. Si vous avez besoin d&#8217;entrer avant ou de sortir apr\u00e8s cette heure, veuillez nous faire part de vos besoins afin que nous puissions nous adapter.<\/p>\n\n<\/div>\n\n<div class=\"gb-container gb-container-7f1411ba\">\n\n<p class=\"gb-headline gb-headline-0c246653 gb-headline-text\"><strong>Est-il possible de cuisiner ?<\/strong><\/p>\n\n\n\n<p>Les deux chambres de style appartement sont \u00e9quip\u00e9es d&#8217;un r\u00e9frig\u00e9rateur, d&#8217;une plaque de cuisson \u00e0 induction, d&#8217;un micro-ondes, d&#8217;une cafeti\u00e8re, d&#8217;un grille-pain et d&#8217;un lave-vaisselle. Vous pouvez donc cuisiner autant que vous le souhaitez. Bient\u00f4t, vous disposerez \u00e9galement d&#8217;un barbecue \u00e0 l&#8217;ext\u00e9rieur.<\/p>\n\n<\/div>\n<\/div><\/div>\n\n\n\n<div class=\"wp-block-column is-layout-flow wp-block-column-is-layout-flow\" style=\"flex-basis:15%\"><\/div>\n<\/div>\n","protected":false},"excerpt":{"rendered":"<p>Les animaux de compagnie sont-ils autoris\u00e9s ? Oui, en plus des chevaux, nous acceptons les animaux domestiques. Chaque animal co\u00fbte un suppl\u00e9ment de 6\u20ac\/nuit. S&#8217;il s&#8217;agit d&#8217;un cheval, nous disposons de boxes, de paddocks et d&#8217;une sellerie. Pour les \u00e9quid\u00e9s, il y a un suppl\u00e9ment de 20\u20ac\/nuit si vous avez besoin d&#8217;un box. Existe-t-il des &#8230; <a title=\"Foire aux questions (FAQ)\" class=\"read-more\" href=\"https:\/\/mokorroko.com\/fr\/faq\/\" aria-label=\"En savoir plus sur Foire aux questions (FAQ)\">Lire plus<\/a><\/p>\n","protected":false},"author":1,"featured_media":0,"parent":0,"menu_order":0,"comment_status":"closed","ping_status":"closed","template":"","meta":{"inline_featured_image":false,"footnotes":""},"class_list":["post-7136","page","type-page","status-publish"],"yoast_head":"<!-- This site is optimized with the Yoast SEO plugin v27.4 - https:\/\/yoast.com\/product\/yoast-seo-wordpress\/ -->\n<title>Foire aux questions (FAQ) - Mokorroko Borda<\/title>\n<meta name=\"description\" content=\"R\u00e9ponses aux questions fr\u00e9quemment pos\u00e9es sur Mokorroko Borda. Concernant le s\u00e9jour et l&#039;h\u00e9bergement.\" \/>\n<meta name=\"robots\" content=\"index, follow, max-snippet:-1, max-image-preview:large, max-video-preview:-1\" \/>\n<link rel=\"canonical\" href=\"https:\/\/mokorroko.com\/fr\/faq\/\" \/>\n<meta property=\"og:locale\" content=\"fr_FR\" \/>\n<meta property=\"og:type\" content=\"article\" \/>\n<meta property=\"og:title\" content=\"Foire aux questions (FAQ) - Mokorroko Borda\" \/>\n<meta property=\"og:description\" content=\"R\u00e9ponses aux questions fr\u00e9quemment pos\u00e9es sur Mokorroko Borda. Concernant le s\u00e9jour et l&#039;h\u00e9bergement.\" \/>\n<meta property=\"og:url\" content=\"https:\/\/mokorroko.com\/fr\/faq\/\" \/>\n<meta property=\"og:site_name\" content=\"Mokorroko Borda\" \/>\n<meta property=\"article:publisher\" content=\"https:\/\/www.instagram.com\/mokorrokoborda\" \/>\n<meta property=\"article:modified_time\" content=\"2025-07-29T10:27:03+00:00\" \/>\n<meta name=\"twitter:card\" content=\"summary_large_image\" \/>\n<meta name=\"twitter:label1\" content=\"Dur\u00e9e de lecture estim\u00e9e\" \/>\n\t<meta name=\"twitter:data1\" content=\"1 minute\" \/>\n<script type=\"application\/ld+json\" class=\"yoast-schema-graph\">{\"@context\":\"https:\\\/\\\/schema.org\",\"@graph\":[{\"@type\":\"WebPage\",\"@id\":\"https:\\\/\\\/mokorroko.com\\\/fr\\\/faq\\\/\",\"url\":\"https:\\\/\\\/mokorroko.com\\\/fr\\\/faq\\\/\",\"name\":\"Foire aux questions (FAQ) - Mokorroko Borda\",\"isPartOf\":{\"@id\":\"https:\\\/\\\/mokorroko.com\\\/#website\"},\"datePublished\":\"2022-01-17T19:16:44+00:00\",\"dateModified\":\"2025-07-29T10:27:03+00:00\",\"description\":\"R\u00e9ponses aux questions fr\u00e9quemment pos\u00e9es sur Mokorroko Borda. Concernant le s\u00e9jour et l'h\u00e9bergement.\",\"breadcrumb\":{\"@id\":\"https:\\\/\\\/mokorroko.com\\\/fr\\\/faq\\\/#breadcrumb\"},\"inLanguage\":\"fr-FR\",\"potentialAction\":[{\"@type\":\"ReadAction\",\"target\":[\"https:\\\/\\\/mokorroko.com\\\/fr\\\/faq\\\/\"]}]},{\"@type\":\"BreadcrumbList\",\"@id\":\"https:\\\/\\\/mokorroko.com\\\/fr\\\/faq\\\/#breadcrumb\",\"itemListElement\":[{\"@type\":\"ListItem\",\"position\":1,\"name\":\"Portada\",\"item\":\"https:\\\/\\\/mokorroko.com\\\/fr\\\/\"},{\"@type\":\"ListItem\",\"position\":2,\"name\":\"Foire aux questions (FAQ)\"}]},{\"@type\":\"WebSite\",\"@id\":\"https:\\\/\\\/mokorroko.com\\\/#website\",\"url\":\"https:\\\/\\\/mokorroko.com\\\/\",\"name\":\"Mokorroko Borda\",\"description\":\"Alojamiento Rural y Posada Ecuestre\",\"publisher\":{\"@id\":\"https:\\\/\\\/mokorroko.com\\\/#organization\"},\"potentialAction\":[{\"@type\":\"SearchAction\",\"target\":{\"@type\":\"EntryPoint\",\"urlTemplate\":\"https:\\\/\\\/mokorroko.com\\\/?s={search_term_string}\"},\"query-input\":{\"@type\":\"PropertyValueSpecification\",\"valueRequired\":true,\"valueName\":\"search_term_string\"}}],\"inLanguage\":\"fr-FR\"},{\"@type\":\"Organization\",\"@id\":\"https:\\\/\\\/mokorroko.com\\\/#organization\",\"name\":\"Mokorroko Borda\",\"url\":\"https:\\\/\\\/mokorroko.com\\\/\",\"logo\":{\"@type\":\"ImageObject\",\"inLanguage\":\"fr-FR\",\"@id\":\"https:\\\/\\\/mokorroko.com\\\/#\\\/schema\\\/logo\\\/image\\\/\",\"url\":\"https:\\\/\\\/mokorroko.com\\\/web\\\/wp-content\\\/uploads\\\/2020\\\/12\\\/logo7.png\",\"contentUrl\":\"https:\\\/\\\/mokorroko.com\\\/web\\\/wp-content\\\/uploads\\\/2020\\\/12\\\/logo7.png\",\"width\":304,\"height\":87,\"caption\":\"Mokorroko Borda\"},\"image\":{\"@id\":\"https:\\\/\\\/mokorroko.com\\\/#\\\/schema\\\/logo\\\/image\\\/\"},\"sameAs\":[\"https:\\\/\\\/www.instagram.com\\\/mokorrokoborda\"]}]}<\/script>\n<!-- \/ Yoast SEO plugin. -->","yoast_head_json":{"title":"Foire aux questions (FAQ) - Mokorroko Borda","description":"R\u00e9ponses aux questions fr\u00e9quemment pos\u00e9es sur Mokorroko Borda. Concernant le s\u00e9jour et l'h\u00e9bergement.","robots":{"index":"index","follow":"follow","max-snippet":"max-snippet:-1","max-image-preview":"max-image-preview:large","max-video-preview":"max-video-preview:-1"},"canonical":"https:\/\/mokorroko.com\/fr\/faq\/","og_locale":"fr_FR","og_type":"article","og_title":"Foire aux questions (FAQ) - Mokorroko Borda","og_description":"R\u00e9ponses aux questions fr\u00e9quemment pos\u00e9es sur Mokorroko Borda. Concernant le s\u00e9jour et l'h\u00e9bergement.","og_url":"https:\/\/mokorroko.com\/fr\/faq\/","og_site_name":"Mokorroko Borda","article_publisher":"https:\/\/www.instagram.com\/mokorrokoborda","article_modified_time":"2025-07-29T10:27:03+00:00","twitter_card":"summary_large_image","twitter_misc":{"Dur\u00e9e de lecture estim\u00e9e":"1 minute"},"schema":{"@context":"https:\/\/schema.org","@graph":[{"@type":"WebPage","@id":"https:\/\/mokorroko.com\/fr\/faq\/","url":"https:\/\/mokorroko.com\/fr\/faq\/","name":"Foire aux questions (FAQ) - Mokorroko Borda","isPartOf":{"@id":"https:\/\/mokorroko.com\/#website"},"datePublished":"2022-01-17T19:16:44+00:00","dateModified":"2025-07-29T10:27:03+00:00","description":"R\u00e9ponses aux questions fr\u00e9quemment pos\u00e9es sur Mokorroko Borda. Concernant le s\u00e9jour et l'h\u00e9bergement.","breadcrumb":{"@id":"https:\/\/mokorroko.com\/fr\/faq\/#breadcrumb"},"inLanguage":"fr-FR","potentialAction":[{"@type":"ReadAction","target":["https:\/\/mokorroko.com\/fr\/faq\/"]}]},{"@type":"BreadcrumbList","@id":"https:\/\/mokorroko.com\/fr\/faq\/#breadcrumb","itemListElement":[{"@type":"ListItem","position":1,"name":"Portada","item":"https:\/\/mokorroko.com\/fr\/"},{"@type":"ListItem","position":2,"name":"Foire aux questions (FAQ)"}]},{"@type":"WebSite","@id":"https:\/\/mokorroko.com\/#website","url":"https:\/\/mokorroko.com\/","name":"Mokorroko Borda","description":"Alojamiento Rural y Posada Ecuestre","publisher":{"@id":"https:\/\/mokorroko.com\/#organization"},"potentialAction":[{"@type":"SearchAction","target":{"@type":"EntryPoint","urlTemplate":"https:\/\/mokorroko.com\/?s={search_term_string}"},"query-input":{"@type":"PropertyValueSpecification","valueRequired":true,"valueName":"search_term_string"}}],"inLanguage":"fr-FR"},{"@type":"Organization","@id":"https:\/\/mokorroko.com\/#organization","name":"Mokorroko Borda","url":"https:\/\/mokorroko.com\/","logo":{"@type":"ImageObject","inLanguage":"fr-FR","@id":"https:\/\/mokorroko.com\/#\/schema\/logo\/image\/","url":"https:\/\/mokorroko.com\/web\/wp-content\/uploads\/2020\/12\/logo7.png","contentUrl":"https:\/\/mokorroko.com\/web\/wp-content\/uploads\/2020\/12\/logo7.png","width":304,"height":87,"caption":"Mokorroko Borda"},"image":{"@id":"https:\/\/mokorroko.com\/#\/schema\/logo\/image\/"},"sameAs":["https:\/\/www.instagram.com\/mokorrokoborda"]}]}},"_links":{"self":[{"href":"https:\/\/mokorroko.com\/fr\/wp-json\/wp\/v2\/pages\/7136","targetHints":{"allow":["GET"]}}],"collection":[{"href":"https:\/\/mokorroko.com\/fr\/wp-json\/wp\/v2\/pages"}],"about":[{"href":"https:\/\/mokorroko.com\/fr\/wp-json\/wp\/v2\/types\/page"}],"author":[{"embeddable":true,"href":"https:\/\/mokorroko.com\/fr\/wp-json\/wp\/v2\/users\/1"}],"replies":[{"embeddable":true,"href":"https:\/\/mokorroko.com\/fr\/wp-json\/wp\/v2\/comments?post=7136"}],"version-history":[{"count":1,"href":"https:\/\/mokorroko.com\/fr\/wp-json\/wp\/v2\/pages\/7136\/revisions"}],"predecessor-version":[{"id":7142,"href":"https:\/\/mokorroko.com\/fr\/wp-json\/wp\/v2\/pages\/7136\/revisions\/7142"}],"wp:attachment":[{"href":"https:\/\/mokorroko.com\/fr\/wp-json\/wp\/v2\/media?parent=7136"}],"curies":[{"name":"wp","href":"https:\/\/api.w.org\/{rel}","templated":true}]}}